{"id":29938,"date":"2025-06-04T22:48:09","date_gmt":"2025-06-04T20:48:09","guid":{"rendered":"https:\/\/paradisa.ch\/?page_id=29938"},"modified":"2026-03-31T10:25:19","modified_gmt":"2026-03-31T08:25:19","slug":"showroom","status":"publish","type":"page","link":"https:\/\/paradisa.ch\/sq\/showroom\/","title":{"rendered":"Showroom"},"content":{"rendered":"\t\t<div data-elementor-type=\"wp-page\" data-elementor-id=\"29938\" class=\"elementor elementor-29938\" data-elementor-settings=\"{&quot;ha_cmc_init_switcher&quot;:&quot;no&quot;}\" wpc-filter-elementor-widget=\"1\" data-elementor-post-type=\"page\">\n\t\t\t\t<div class=\"elementor-element elementor-element-97c89bd e-flex e-con-boxed e-con e-parent\" data-id=\"97c89bd\" data-element_type=\"container\" data-e-type=\"container\" data-settings=\"{&quot;jet_parallax_layout_list&quot;:[],&quot;_ha_eqh_enable&quot;:false}\">\n\t\t\t\t\t<div class=\"e-con-inner\">\n\t\t<div class=\"elementor-element elementor-element-d701ed9 e-con-full bg-background-hero e-flex e-con e-child\" data-id=\"d701ed9\" data-element_type=\"container\" data-e-type=\"container\" data-settings=\"{&quot;background_background&quot;:&quot;slideshow&quot;,&quot;background_slideshow_gallery&quot;:[{&quot;id&quot;:28704,&quot;url&quot;:&quot;https:\\\/\\\/paradisa.ch\\\/wp-content\\\/uploads\\\/2025\\\/05\\\/3-Keramik-Abteilung-Paradisa.jpg&quot;},{&quot;id&quot;:28702,&quot;url&quot;:&quot;https:\\\/\\\/paradisa.ch\\\/wp-content\\\/uploads\\\/2025\\\/05\\\/1-Keramik-Abteilung-Paradisa.jpg&quot;},{&quot;id&quot;:28703,&quot;url&quot;:&quot;https:\\\/\\\/paradisa.ch\\\/wp-content\\\/uploads\\\/2025\\\/05\\\/2-Keramik-Abteilung-Paradisa.jpg&quot;},{&quot;id&quot;:27982,&quot;url&quot;:&quot;https:\\\/\\\/paradisa.ch\\\/wp-content\\\/uploads\\\/2025\\\/05\\\/5-Glas-Abteilung-Paradisa.jpg&quot;},{&quot;id&quot;:27978,&quot;url&quot;:&quot;https:\\\/\\\/paradisa.ch\\\/wp-content\\\/uploads\\\/2025\\\/05\\\/1-Glas-Abteilung-Paradisa.jpg&quot;},{&quot;id&quot;:28013,&quot;url&quot;:&quot;https:\\\/\\\/paradisa.ch\\\/wp-content\\\/uploads\\\/2025\\\/05\\\/1-Stein-Abteilung-Paradisa.jpg?ver=1748434815&quot;}],&quot;background_slideshow_ken_burns&quot;:&quot;yes&quot;,&quot;jet_parallax_layout_list&quot;:[],&quot;background_slideshow_loop&quot;:&quot;yes&quot;,&quot;background_slideshow_slide_duration&quot;:5000,&quot;background_slideshow_slide_transition&quot;:&quot;fade&quot;,&quot;background_slideshow_transition_duration&quot;:500,&quot;background_slideshow_ken_burns_zoom_direction&quot;:&quot;in&quot;,&quot;_ha_eqh_enable&quot;:false}\">\n\t\t\t\t<\/div>\n\t\t<div class=\"elementor-element elementor-element-d0d7f12 e-flex e-con-boxed e-con e-child\" data-id=\"d0d7f12\" data-element_type=\"container\" data-e-type=\"container\" data-settings=\"{&quot;jet_parallax_layout_list&quot;:[],&quot;_ha_eqh_enable&quot;:false}\">\n\t\t\t\t\t<div class=\"e-con-inner\">\n\t\t\t\t<div class=\"elementor-element elementor-element-9357b06 elementor-widget__width-inherit elementor-widget elementor-widget-heading\" data-id=\"9357b06\" data-element_type=\"widget\" data-e-type=\"widget\" data-widget_type=\"heading.default\">\n\t\t\t\t<div class=\"elementor-widget-container\">\n\t\t\t\t\t<h2 class=\"elementor-heading-title elementor-size-default\">Inspiration live erleben\n\n<\/h2>\t\t\t\t<\/div>\n\t\t\t\t<\/div>\n\t\t\t\t<div class=\"elementor-element elementor-element-8fa96ba elementor-hidden-mobile elementor-widget elementor-widget-heading\" data-id=\"8fa96ba\" data-element_type=\"widget\" data-e-type=\"widget\" data-widget_type=\"heading.default\">\n\t\t\t\t<div class=\"elementor-widget-container\">\n\t\t\t\t\t<h2 class=\"elementor-heading-title elementor-size-default\">Besuchen Sie unsere Showrooms in N\u00e4fels, Chur und H\u00e4gendorf und entdecken Sie Stein-, Glas- und Keramikl\u00f6sungen zum Anfassen.\n\n\n\n\n\n\n\n<\/h2>\t\t\t\t<\/div>\n\t\t\t\t<\/div>\n\t\t\t\t<div class=\"elementor-element elementor-element-5f687c8 elementor-hidden-tablet elementor-hidden-desktop elementor-widget elementor-widget-heading\" data-id=\"5f687c8\" data-element_type=\"widget\" data-e-type=\"widget\" data-widget_type=\"heading.default\">\n\t\t\t\t<div class=\"elementor-widget-container\">\n\t\t\t\t\t<h2 class=\"elementor-heading-title elementor-size-default\">Besuchen Sie unsere Showrooms in N\u00e4fels, Chur und H\u00e4gendorf und entdecken Sie Stein-, Glas- und Keramikl\u00f6sungen zum Anfassen.\n\n\n\n\n\n\n\n<\/h2>\t\t\t\t<\/div>\n\t\t\t\t<\/div>\n\t\t\t\t\t<\/div>\n\t\t\t\t<\/div>\n\t\t\t\t\t<\/div>\n\t\t\t\t<\/div>\n\t\t<div class=\"elementor-element elementor-element-e42a776 e-grid container-standard hide-plus e-con-boxed e-con e-parent\" data-id=\"e42a776\" data-element_type=\"container\" data-e-type=\"container\" data-settings=\"{&quot;jet_parallax_layout_list&quot;:[],&quot;_ha_eqh_enable&quot;:false}\">\n\t\t\t\t\t<div class=\"e-con-inner\">\n\t\t<div class=\"elementor-element elementor-element-81483d4 e-con-full e-flex e-con e-child\" data-id=\"81483d4\" data-element_type=\"container\" data-e-type=\"container\" data-settings=\"{&quot;jet_parallax_layout_list&quot;:[],&quot;_ha_eqh_enable&quot;:false}\">\n\t\t<div class=\"elementor-element elementor-element-36cc69a e-con-full e-flex e-con e-child\" data-id=\"36cc69a\" data-element_type=\"container\" data-e-type=\"container\" data-settings=\"{&quot;background_background&quot;:&quot;classic&quot;,&quot;jet_parallax_layout_list&quot;:[],&quot;_ha_eqh_enable&quot;:false}\">\n\t\t\t\t<\/div>\n\t\t<div class=\"elementor-element elementor-element-9ca7a4f e-con-full e-flex e-con e-child\" data-id=\"9ca7a4f\" data-element_type=\"container\" data-e-type=\"container\" data-settings=\"{&quot;jet_parallax_layout_list&quot;:[],&quot;_ha_eqh_enable&quot;:false}\">\n\t\t\t\t<div class=\"elementor-element elementor-element-430d78a elementor-widget elementor-widget-heading\" data-id=\"430d78a\" data-element_type=\"widget\" data-e-type=\"widget\" data-widget_type=\"heading.default\">\n\t\t\t\t<div class=\"elementor-widget-container\">\n\t\t\t\t\t<h2 class=\"elementor-heading-title elementor-size-default\">N\u00e4fels GL<\/h2>\t\t\t\t<\/div>\n\t\t\t\t<\/div>\n\t\t\t\t<div class=\"elementor-element elementor-element-5ee1416 elementor-widget elementor-widget-text-editor\" data-id=\"5ee1416\" data-element_type=\"widget\" data-e-type=\"widget\" data-widget_type=\"text-editor.default\">\n\t\t\t\t<div class=\"elementor-widget-container\">\n\t\t\t\t\t\t\t\t\tUnser gr\u00f6sster Showroom mit umfassender Material- und Musterauswahl sowie hauseigener Werkstatt \u2013 hier entsteht Ihr Projekt von der Idee bis zur Fertigung.\t\t\t\t\t\t\t\t<\/div>\n\t\t\t\t<\/div>\n\t\t\t\t<div class=\"elementor-element elementor-element-d064574 elementor-icon-list--layout-traditional elementor-list-item-link-full_width elementor-widget elementor-widget-icon-list\" data-id=\"d064574\" data-element_type=\"widget\" data-e-type=\"widget\" data-widget_type=\"icon-list.default\">\n\t\t\t\t<div class=\"elementor-widget-container\">\n\t\t\t\t\t\t\t<ul class=\"elementor-icon-list-items\">\n\t\t\t\t\t\t\t<li class=\"elementor-icon-list-item\">\n\t\t\t\t\t\t\t\t\t\t\t<span class=\"elementor-icon-list-icon\">\n\t\t\t\t\t\t\t<i aria-hidden=\"true\" class=\"huge huge-maps-location-01\"><\/i>\t\t\t\t\t\t<\/span>\n\t\t\t\t\t\t\t\t\t\t<span class=\"elementor-icon-list-text\">Autschachen 41, 8752 N\u00e4fels<\/span>\n\t\t\t\t\t\t\t\t\t<\/li>\n\t\t\t\t\t\t\t\t<li class=\"elementor-icon-list-item\">\n\t\t\t\t\t\t\t\t\t\t\t<span class=\"elementor-icon-list-icon\">\n\t\t\t\t\t\t\t<i aria-hidden=\"true\" class=\"huge huge-clock-03\"><\/i>\t\t\t\t\t\t<\/span>\n\t\t\t\t\t\t\t\t\t\t<span class=\"elementor-icon-list-text\">Mo\u2013Fr 7\u201312 Uhr \/ 13\u201317 Uhr<br>Ausserhalb nach Vereinbarung<\/span>\n\t\t\t\t\t\t\t\t\t<\/li>\n\t\t\t\t\t\t<\/ul>\n\t\t\t\t\t\t<\/div>\n\t\t\t\t<\/div>\n\t\t\t\t<div class=\"elementor-element elementor-element-21f0f53 elementor-align-left elementor-mobile-align-justify elementor-widget elementor-widget-button\" data-id=\"21f0f53\" data-element_type=\"widget\" data-e-type=\"widget\" data-widget_type=\"button.default\">\n\t\t\t\t<div class=\"elementor-widget-container\">\n\t\t\t\t\t\t\t\t\t<div class=\"elementor-button-wrapper\">\n\t\t\t\t\t<a class=\"elementor-button elementor-button-link elementor-size-md\" href=\"https:\/\/paradisa.ch\/showroom-naefels\/\">\n\t\t\t\t\t\t<span class=\"elementor-button-content-wrapper\">\n\t\t\t\t\t\t\t\t\t<span class=\"elementor-button-text\">Mehr Ansehen<\/span>\n\t\t\t\t\t<\/span>\n\t\t\t\t\t<\/a>\n\t\t\t\t<\/div>\n\t\t\t\t\t\t\t\t<\/div>\n\t\t\t\t<\/div>\n\t\t\t\t<\/div>\n\t\t\t\t<\/div>\n\t\t<div class=\"elementor-element elementor-element-30d6884 e-con-full e-flex e-con e-child\" data-id=\"30d6884\" data-element_type=\"container\" data-e-type=\"container\" data-settings=\"{&quot;jet_parallax_layout_list&quot;:[],&quot;_ha_eqh_enable&quot;:false}\">\n\t\t<div class=\"elementor-element elementor-element-49e01b9 e-con-full e-flex e-con e-child\" data-id=\"49e01b9\" data-element_type=\"container\" data-e-type=\"container\" data-settings=\"{&quot;background_background&quot;:&quot;classic&quot;,&quot;jet_parallax_layout_list&quot;:[],&quot;_ha_eqh_enable&quot;:false}\">\n\t\t\t\t<\/div>\n\t\t<div class=\"elementor-element elementor-element-7e5a1e0 e-con-full e-flex e-con e-child\" data-id=\"7e5a1e0\" data-element_type=\"container\" data-e-type=\"container\" data-settings=\"{&quot;jet_parallax_layout_list&quot;:[],&quot;_ha_eqh_enable&quot;:false}\">\n\t\t\t\t<div class=\"elementor-element elementor-element-17f3a84 elementor-widget elementor-widget-heading\" data-id=\"17f3a84\" data-element_type=\"widget\" data-e-type=\"widget\" data-widget_type=\"heading.default\">\n\t\t\t\t<div class=\"elementor-widget-container\">\n\t\t\t\t\t<h2 class=\"elementor-heading-title elementor-size-default\">H\u00e4gendorf SO<\/h2>\t\t\t\t<\/div>\n\t\t\t\t<\/div>\n\t\t\t\t<div class=\"elementor-element elementor-element-efe1170 elementor-widget elementor-widget-text-editor\" data-id=\"efe1170\" data-element_type=\"widget\" data-e-type=\"widget\" data-widget_type=\"text-editor.default\">\n\t\t\t\t<div class=\"elementor-widget-container\">\n\t\t\t\t\t\t\t\t\tKomfortabel an der A1: kompakter Showroom mit Fokus auf K\u00fcchen- und Badl\u00f6sungen. Ideal f\u00fcr Kunden aus dem Mittelland und der Region Basel.\n\n\t\t\t\t\t\t\t\t<\/div>\n\t\t\t\t<\/div>\n\t\t\t\t<div class=\"elementor-element elementor-element-269a5db elementor-icon-list--layout-traditional elementor-list-item-link-full_width elementor-widget elementor-widget-icon-list\" data-id=\"269a5db\" data-element_type=\"widget\" data-e-type=\"widget\" data-widget_type=\"icon-list.default\">\n\t\t\t\t<div class=\"elementor-widget-container\">\n\t\t\t\t\t\t\t<ul class=\"elementor-icon-list-items\">\n\t\t\t\t\t\t\t<li class=\"elementor-icon-list-item\">\n\t\t\t\t\t\t\t\t\t\t\t<span class=\"elementor-icon-list-icon\">\n\t\t\t\t\t\t\t<i aria-hidden=\"true\" class=\"huge huge-maps-location-01\"><\/i>\t\t\t\t\t\t<\/span>\n\t\t\t\t\t\t\t\t\t\t<span class=\"elementor-icon-list-text\">Oltnerstrasse 29, 4614 H\u00e4gendorf<\/span>\n\t\t\t\t\t\t\t\t\t<\/li>\n\t\t\t\t\t\t\t\t<li class=\"elementor-icon-list-item\">\n\t\t\t\t\t\t\t\t\t\t\t<span class=\"elementor-icon-list-icon\">\n\t\t\t\t\t\t\t<i aria-hidden=\"true\" class=\"huge huge-clock-03\"><\/i>\t\t\t\t\t\t<\/span>\n\t\t\t\t\t\t\t\t\t\t<span class=\"elementor-icon-list-text\">Nach Vereinbarung<\/span>\n\t\t\t\t\t\t\t\t\t<\/li>\n\t\t\t\t\t\t<\/ul>\n\t\t\t\t\t\t<\/div>\n\t\t\t\t<\/div>\n\t\t\t\t<div class=\"elementor-element elementor-element-0e74af8 elementor-align-left elementor-mobile-align-justify elementor-widget elementor-widget-button\" data-id=\"0e74af8\" data-element_type=\"widget\" data-e-type=\"widget\" data-widget_type=\"button.default\">\n\t\t\t\t<div class=\"elementor-widget-container\">\n\t\t\t\t\t\t\t\t\t<div class=\"elementor-button-wrapper\">\n\t\t\t\t\t<a class=\"elementor-button elementor-button-link elementor-size-md\" href=\"https:\/\/paradisa.ch\/showroom-haegendorf\/\">\n\t\t\t\t\t\t<span class=\"elementor-button-content-wrapper\">\n\t\t\t\t\t\t\t\t\t<span class=\"elementor-button-text\">Mehr Ansehen<\/span>\n\t\t\t\t\t<\/span>\n\t\t\t\t\t<\/a>\n\t\t\t\t<\/div>\n\t\t\t\t\t\t\t\t<\/div>\n\t\t\t\t<\/div>\n\t\t\t\t<\/div>\n\t\t\t\t<\/div>\n\t\t\t\t\t<\/div>\n\t\t\t\t<\/div>\n\t\t<div class=\"elementor-element elementor-element-7d61262 animated-slow container-links e-flex e-con-boxed elementor-invisible e-con e-parent\" data-id=\"7d61262\" data-element_type=\"container\" data-e-type=\"container\" data-settings=\"{&quot;animation&quot;:&quot;fadeIn&quot;,&quot;animation_delay&quot;:200,&quot;jet_parallax_layout_list&quot;:[],&quot;_ha_eqh_enable&quot;:false}\">\n\t\t\t\t\t<div class=\"e-con-inner\">\n\t\t\t\t<div class=\"elementor-element elementor-element-7646ab9 elementor-icon-list--layout-traditional elementor-list-item-link-full_width elementor-widget elementor-widget-icon-list\" data-id=\"7646ab9\" data-element_type=\"widget\" data-e-type=\"widget\" data-widget_type=\"icon-list.default\">\n\t\t\t\t<div class=\"elementor-widget-container\">\n\t\t\t\t\t\t\t<ul class=\"elementor-icon-list-items\">\n\t\t\t\t\t\t\t<li class=\"elementor-icon-list-item\">\n\t\t\t\t\t\t\t\t\t\t\t<a href=\"https:\/\/paradisa.ch\/\">\n\n\t\t\t\t\t\t\t\t\t\t\t\t<span class=\"elementor-icon-list-icon\">\n\t\t\t\t\t\t\t<i aria-hidden=\"true\" class=\"icon icon-left-arrows\"><\/i>\t\t\t\t\t\t<\/span>\n\t\t\t\t\t\t\t\t\t\t<span class=\"elementor-icon-list-text\">Zu Startseite<\/span>\n\t\t\t\t\t\t\t\t\t\t\t<\/a>\n\t\t\t\t\t\t\t\t\t<\/li>\n\t\t\t\t\t\t<\/ul>\n\t\t\t\t\t\t<\/div>\n\t\t\t\t<\/div>\n\t\t\t\t\t<\/div>\n\t\t\t\t<\/div>\n\t\t<div class=\"elementor-element elementor-element-d348339 animated-slow bg-background-footer container-footer e-flex e-con-boxed elementor-invisible e-con e-parent\" data-id=\"d348339\" data-element_type=\"container\" data-e-type=\"container\" data-settings=\"{&quot;animation&quot;:&quot;fadeIn&quot;,&quot;animation_delay&quot;:200,&quot;jet_parallax_layout_list&quot;:[],&quot;_ha_eqh_enable&quot;:false}\">\n\t\t\t\t\t<div class=\"e-con-inner\">\n\t\t<div class=\"elementor-element elementor-element-4f3e4d3 e-con-full animated-slow e-flex elementor-invisible e-con e-child\" data-id=\"4f3e4d3\" data-element_type=\"container\" data-e-type=\"container\" data-settings=\"{&quot;background_background&quot;:&quot;classic&quot;,&quot;animation&quot;:&quot;fadeIn&quot;,&quot;animation_delay&quot;:200,&quot;jet_parallax_layout_list&quot;:[],&quot;_ha_eqh_enable&quot;:false}\">\n\t\t<div class=\"elementor-element elementor-element-e930f2e e-con-full e-flex e-con e-child\" data-id=\"e930f2e\" data-element_type=\"container\" data-e-type=\"container\" data-settings=\"{&quot;jet_parallax_layout_list&quot;:[],&quot;_ha_eqh_enable&quot;:false}\">\n\t\t<div class=\"elementor-element elementor-element-3950eb3 e-con-full e-flex e-con e-child\" data-id=\"3950eb3\" data-element_type=\"container\" data-e-type=\"container\" data-settings=\"{&quot;jet_parallax_layout_list&quot;:[],&quot;_ha_eqh_enable&quot;:false}\">\n\t\t\t\t<div class=\"elementor-element elementor-element-057e13a elementor-widget__width-initial elementor-widget elementor-widget-heading\" data-id=\"057e13a\" data-element_type=\"widget\" data-e-type=\"widget\" data-widget_type=\"heading.default\">\n\t\t\t\t<div class=\"elementor-widget-container\">\n\t\t\t\t\t<h2 class=\"elementor-heading-title elementor-size-default\"><a href=\"https:\/\/paradisa.ch\/kontakt\/?kontakt#anfrage\">Kontaktieren Sie uns<\/a><\/h2>\t\t\t\t<\/div>\n\t\t\t\t<\/div>\n\t\t\t\t<div class=\"elementor-element elementor-element-db8961c elementor-widget-tablet__width-initial elementor-widget__width-initial elementor-widget elementor-widget-text-editor\" data-id=\"db8961c\" data-element_type=\"widget\" data-e-type=\"widget\" data-widget_type=\"text-editor.default\">\n\t\t\t\t<div class=\"elementor-widget-container\">\n\t\t\t\t\t\t\t\t\tGerne unterst\u00fctzen wir Sie bei Fragen zu Materialien, L\u00f6sungen und Ihrem Projekt. Kontaktieren Sie uns f\u00fcr eine pers\u00f6nliche und unverbindliche Beratung.\t\t\t\t\t\t\t\t<\/div>\n\t\t\t\t<\/div>\n\t\t\t\t<\/div>\n\t\t\t\t<div class=\"elementor-element elementor-element-d32dde1 elementor-align-center elementor-widget__width-inherit elementor-widget elementor-widget-button\" data-id=\"d32dde1\" data-element_type=\"widget\" data-e-type=\"widget\" data-widget_type=\"button.default\">\n\t\t\t\t<div class=\"elementor-widget-container\">\n\t\t\t\t\t\t\t\t\t<div class=\"elementor-button-wrapper\">\n\t\t\t\t\t<a class=\"elementor-button elementor-button-link elementor-size-md\" href=\"https:\/\/paradisa.ch\/kontakt\/?kontakt#anfrage\">\n\t\t\t\t\t\t<span class=\"elementor-button-content-wrapper\">\n\t\t\t\t\t\t\t\t\t<span class=\"elementor-button-text\">Jetzt Kontakt aufnehmen<\/span>\n\t\t\t\t\t<\/span>\n\t\t\t\t\t<\/a>\n\t\t\t\t<\/div>\n\t\t\t\t\t\t\t\t<\/div>\n\t\t\t\t<\/div>\n\t\t\t\t<\/div>\n\t\t\t\t<\/div>\n\t\t\t\t\t<\/div>\n\t\t\t\t<\/div>\n\t\t\t\t<\/div>\n\t\t","protected":false},"excerpt":{"rendered":"<p>Inspiration live erleben Besuchen Sie unsere Showrooms in N\u00e4fels, Chur und H\u00e4gendorf und entdecken Sie Stein-, Glas- und Keramikl\u00f6sungen zum Anfassen. Besuchen Sie unsere Showrooms in N\u00e4fels, Chur und H\u00e4gendorf und entdecken Sie Stein-, Glas- und Keramikl\u00f6sungen zum Anfassen. N\u00e4fels GL Unser gr\u00f6sster Showroom mit umfassender Material- und Musterauswahl sowie hauseigener Werkstatt \u2013 hier entsteht [&hellip;]<\/p>\n","protected":false},"author":1,"featured_media":0,"parent":0,"menu_order":0,"comment_status":"closed","ping_status":"closed","template":"","meta":{"switch_pages_title":"","footnotes":""},"bereiche":[],"material":[],"wf_page_folders":[499],"wf_kollektionen_folders":[],"class_list":["post-29938","page","type-page","status-publish","hentry"],"_links":{"self":[{"href":"https:\/\/paradisa.ch\/sq\/wp-json\/wp\/v2\/pages\/29938","targetHints":{"allow":["GET"]}}],"collection":[{"href":"https:\/\/paradisa.ch\/sq\/wp-json\/wp\/v2\/pages"}],"about":[{"href":"https:\/\/paradisa.ch\/sq\/wp-json\/wp\/v2\/types\/page"}],"author":[{"embeddable":true,"href":"https:\/\/paradisa.ch\/sq\/wp-json\/wp\/v2\/users\/1"}],"replies":[{"embeddable":true,"href":"https:\/\/paradisa.ch\/sq\/wp-json\/wp\/v2\/comments?post=29938"}],"version-history":[{"count":70,"href":"https:\/\/paradisa.ch\/sq\/wp-json\/wp\/v2\/pages\/29938\/revisions"}],"predecessor-version":[{"id":48815,"href":"https:\/\/paradisa.ch\/sq\/wp-json\/wp\/v2\/pages\/29938\/revisions\/48815"}],"wp:attachment":[{"href":"https:\/\/paradisa.ch\/sq\/wp-json\/wp\/v2\/media?parent=29938"}],"wp:term":[{"taxonomy":"bereiche","embeddable":true,"href":"https:\/\/paradisa.ch\/sq\/wp-json\/wp\/v2\/bereiche?post=29938"},{"taxonomy":"material","embeddable":true,"href":"https:\/\/paradisa.ch\/sq\/wp-json\/wp\/v2\/material?post=29938"},{"taxonomy":"wf_page_folders","embeddable":true,"href":"https:\/\/paradisa.ch\/sq\/wp-json\/wp\/v2\/wf_page_folders?post=29938"},{"taxonomy":"wf_kollektionen_folders","embeddable":true,"href":"https:\/\/paradisa.ch\/sq\/wp-json\/wp\/v2\/wf_kollektionen_folders?post=29938"}],"curies":[{"name":"wp","href":"https:\/\/api.w.org\/{rel}","templated":true}]}}