{"id":14267,"date":"2023-12-17T19:01:03","date_gmt":"2023-12-17T18:01:03","guid":{"rendered":"https:\/\/paradisa.ch\/?page_id=14267"},"modified":"2025-02-07T20:07:48","modified_gmt":"2025-02-07T19:07:48","slug":"impressum","status":"publish","type":"page","link":"https:\/\/paradisa.ch\/sq\/impressum\/","title":{"rendered":"Legal notice"},"content":{"rendered":"\t\t<div data-elementor-type=\"wp-page\" data-elementor-id=\"14267\" class=\"elementor elementor-14267\" data-elementor-settings=\"{&quot;ha_cmc_init_switcher&quot;:&quot;no&quot;}\" wpc-filter-elementor-widget=\"1\" data-elementor-post-type=\"page\">\n\t\t\t\t<div class=\"elementor-element elementor-element-4c7b3d5 e-con-full e-flex e-con e-parent\" data-id=\"4c7b3d5\" data-element_type=\"container\" data-e-type=\"container\" data-settings=\"{&quot;background_background&quot;:&quot;slideshow&quot;,&quot;background_slideshow_gallery&quot;:[{&quot;id&quot;:14521,&quot;url&quot;:&quot;https:\\\/\\\/paradisa.ch\\\/wp-content\\\/uploads\\\/2024\\\/02\\\/IF_MB15_DINING_ALTA_V2.jpg&quot;},{&quot;id&quot;:14520,&quot;url&quot;:&quot;https:\\\/\\\/paradisa.ch\\\/wp-content\\\/uploads\\\/2024\\\/02\\\/IF_MB15_COMMERCIALE_ALTA_V2.jpg&quot;},{&quot;id&quot;:14522,&quot;url&quot;:&quot;https:\\\/\\\/paradisa.ch\\\/wp-content\\\/uploads\\\/2024\\\/02\\\/IF_OCEAN-BLUE_BAGNO_ALTA_V4-scaled.jpg&quot;}],&quot;background_slideshow_ken_burns&quot;:&quot;yes&quot;,&quot;background_slideshow_loop&quot;:&quot;yes&quot;,&quot;background_slideshow_slide_duration&quot;:5000,&quot;background_slideshow_slide_transition&quot;:&quot;fade&quot;,&quot;background_slideshow_transition_duration&quot;:500,&quot;background_slideshow_ken_burns_zoom_direction&quot;:&quot;in&quot;,&quot;_ha_eqh_enable&quot;:false,&quot;jet_parallax_layout_list&quot;:[]}\">\n\t\t\t\t<div class=\"elementor-element elementor-element-ffb5637 elementor-widget elementor-widget-heading\" data-id=\"ffb5637\" data-element_type=\"widget\" data-e-type=\"widget\" data-widget_type=\"heading.default\">\n\t\t\t\t<div class=\"elementor-widget-container\">\n\t\t\t\t\t<h2 class=\"elementor-heading-title elementor-size-default\">Unser Impressum<\/h2>\t\t\t\t<\/div>\n\t\t\t\t<\/div>\n\t\t\t\t<\/div>\n\t\t<div class=\"elementor-element elementor-element-fcf9b0a e-flex e-con-boxed e-con e-parent\" data-id=\"fcf9b0a\" data-element_type=\"container\" data-e-type=\"container\" data-settings=\"{&quot;_ha_eqh_enable&quot;:false,&quot;jet_parallax_layout_list&quot;:[]}\">\n\t\t\t\t\t<div class=\"e-con-inner\">\n\t\t\t\t<div class=\"elementor-element elementor-element-2c659c3 elementor-widget elementor-widget-text-editor\" data-id=\"2c659c3\" data-element_type=\"widget\" data-e-type=\"widget\" data-widget_type=\"text-editor.default\">\n\t\t\t\t<div class=\"elementor-widget-container\">\n\t\t\t\t\t\t\t\t\t<h2>Impressum<\/h2><h4>Angaben gem\u00e4ss \u00a7 5 TMG<\/h4><p>Paradisa GmbH<br \/>Autschachen 41<br \/>8752 N\u00e4fels<\/p><p>Handelsregister: CH-160.4.004.836-2<br \/>Registergericht: Glarus Nord<\/p><p><strong>Vertreten durch:<\/strong><br \/>Sedat Hajdari,<br \/><span style=\"text-align: var(--text-align); background-color: var(--e-global-color-secondary);\">Valon Hajdari<\/span><\/p><h4>Kontakt<\/h4><p>Telefon: <a href=\"tel:+41 55 612 46 60\">+41 55 612 46 60<\/a><br \/>E-Mail: <a href=\"mailto:info@paradisa.ch\">info[at]paradisa.ch<\/a><\/p><h4>Umsatzsteuer-ID<\/h4><p>Umsatzsteuer-Identifikationsnummer gem\u00e4ss \u00a7 27 a Umsatzsteuergesetz:<br \/>CHE-114.347.752<\/p><h4>EU-Streitschlichtung<\/h4><p>Die Europ\u00e4ische Kommission stellt eine Plattform zur Online-Streitbeilegung (OS) bereit: <a href=\"https:\/\/ec.europa.eu\/consumers\/odr\/\" target=\"_blank\" rel=\"noopener noreferrer\">https:\/\/ec.europa.eu\/consumers\/odr\/<\/a>.<br \/>Unsere E-Mail-Adresse finden Sie oben im Impressum.<\/p><h4>Verbraucher\u00adstreit\u00adbeilegung\/Universal\u00adschlichtungs\u00adstelle<\/h4><p>Wir sind nicht bereit oder verpflichtet, an Streitbeilegungsverfahren vor einer Verbraucherschlichtungsstelle teilzunehmen.<\/p><h4>Haftungsausschluss<\/h4><p>Die Inhalte unseres Internetauftritts wurden mit gr\u00f6sster Sorgfalt erstellt. F\u00fcr die Richtigkeit, Vollst\u00e4ndigkeit und Aktualit\u00e4t der Inhalte k\u00f6nnen wir jedoch keine Gew\u00e4hr \u00fcbernehmen. Als Diensteanbieter sind wir f\u00fcr eigene Inhalte auf diesen Seiten nach den allgemeinen Gesetzen verantwortlich. Wir sind jedoch nicht verpflichtet, \u00fcbermittelte oder gespeicherte fremde Informationen zu \u00fcberwachen oder nach Umst\u00e4nden zu forschen, die auf eine rechtswidrige T\u00e4tigkeit hinweisen.<\/p>\t\t\t\t\t\t\t\t<\/div>\n\t\t\t\t<\/div>\n\t\t\t\t\t<\/div>\n\t\t\t\t<\/div>\n\t\t\t\t<\/div>\n\t\t","protected":false},"excerpt":{"rendered":"<p>Impressum Angaben gem\u00e4ss \u00a7 5 TMG Paradisa GmbHAutschachen 418752 N\u00e4fels Handelsregister: CH-160.4.004.836-2Registergericht: Glarus Nord Vertreten durch:Sedat Hajdari,Valon Hajdari Kontakt Telefon: +41 55 612 46 60E-Mail: info[at]paradisa.ch Umsatzsteuer-ID Umsatzsteuer-Identifikationsnummer gem\u00e4ss \u00a7 27 a Umsatzsteuergesetz:CHE-114.347.752 EU-Streitschlichtung Die Europ\u00e4ische Kommission stellt eine Plattform zur Online-Streitbeilegung (OS) bereit: https:\/\/ec.europa.eu\/consumers\/odr\/.Unsere E-Mail-Adresse finden Sie oben im Impressum. Verbraucher\u00adstreit\u00adbeilegung\/Universal\u00adschlichtungs\u00adstelle Wir sind nicht [&hellip;]<\/p>\n","protected":false},"author":1,"featured_media":0,"parent":0,"menu_order":0,"comment_status":"closed","ping_status":"closed","template":"","meta":{"switch_pages_title":"","footnotes":""},"bereiche":[],"material":[],"wf_page_folders":[500],"wf_kollektionen_folders":[],"class_list":["post-14267","page","type-page","status-publish","hentry"],"_links":{"self":[{"href":"https:\/\/paradisa.ch\/sq\/wp-json\/wp\/v2\/pages\/14267","targetHints":{"allow":["GET"]}}],"collection":[{"href":"https:\/\/paradisa.ch\/sq\/wp-json\/wp\/v2\/pages"}],"about":[{"href":"https:\/\/paradisa.ch\/sq\/wp-json\/wp\/v2\/types\/page"}],"author":[{"embeddable":true,"href":"https:\/\/paradisa.ch\/sq\/wp-json\/wp\/v2\/users\/1"}],"replies":[{"embeddable":true,"href":"https:\/\/paradisa.ch\/sq\/wp-json\/wp\/v2\/comments?post=14267"}],"version-history":[{"count":40,"href":"https:\/\/paradisa.ch\/sq\/wp-json\/wp\/v2\/pages\/14267\/revisions"}],"predecessor-version":[{"id":17956,"href":"https:\/\/paradisa.ch\/sq\/wp-json\/wp\/v2\/pages\/14267\/revisions\/17956"}],"wp:attachment":[{"href":"https:\/\/paradisa.ch\/sq\/wp-json\/wp\/v2\/media?parent=14267"}],"wp:term":[{"taxonomy":"bereiche","embeddable":true,"href":"https:\/\/paradisa.ch\/sq\/wp-json\/wp\/v2\/bereiche?post=14267"},{"taxonomy":"material","embeddable":true,"href":"https:\/\/paradisa.ch\/sq\/wp-json\/wp\/v2\/material?post=14267"},{"taxonomy":"wf_page_folders","embeddable":true,"href":"https:\/\/paradisa.ch\/sq\/wp-json\/wp\/v2\/wf_page_folders?post=14267"},{"taxonomy":"wf_kollektionen_folders","embeddable":true,"href":"https:\/\/paradisa.ch\/sq\/wp-json\/wp\/v2\/wf_kollektionen_folders?post=14267"}],"curies":[{"name":"wp","href":"https:\/\/api.w.org\/{rel}","templated":true}]}}